{"id":619,"date":"2020-04-13T15:49:01","date_gmt":"2020-04-13T15:49:01","guid":{"rendered":"https:\/\/www.armonizarteconfengshui.com\/mi-historia\/"},"modified":"2021-05-03T11:25:25","modified_gmt":"2021-05-03T11:25:25","slug":"la-meva-historia","status":"publish","type":"page","link":"https:\/\/www.armonizarteconfengshui.com\/ca\/la-meva-historia\/","title":{"rendered":"La meva hist\u00f2ria"},"content":{"rendered":"<div class=\"wpb-content-wrapper\"><p>[vc_row css_animation=&#8221;&#8221; row_type=&#8221;row&#8221; use_row_as_full_screen_section=&#8221;no&#8221; type=&#8221;grid&#8221; angled_section=&#8221;no&#8221; text_align=&#8221;left&#8221; background_image_as_pattern=&#8221;without_pattern&#8221; anchor=&#8221;about-us&#8221; padding_top=&#8221;80&#8243; z_index=&#8221;&#8221; css=&#8221;.vc_custom_1587147598523{padding-top: 85px !important;padding-bottom: 50px !important;}&#8221;][vc_column offset=&#8221;vc_col-md-6&#8243;][qode_elements_holder number_of_columns=&#8221;one_column&#8221;][qode_elements_holder_item advanced_animations=&#8221;no&#8221; item_padding=&#8221;30px 10% 0px 0px&#8221; item_padding_768_1024=&#8221;0px&#8221; item_padding_600_768=&#8221;0px&#8221; item_padding_480_600=&#8221;0px&#8221; item_padding_480=&#8221;0px&#8221;][vc_column_text]<\/p>\n<h2>La meva hist\u00f2ria<\/h2>\n<p>[\/vc_column_text][vc_empty_space height=&#8221;30px&#8221;][vc_column_text el_class=&#8221;justificar&#8221;]El meu nom \u00e9s Sarah, i voldria compartir amb t\u00fa el cam\u00ed que m&#8217;ha portat fins aqu\u00ed.<\/p>\n<p>&nbsp;<\/p>\n<p><span style=\"font-weight: 400;\">Durant m\u00e9s de 20 anys m&#8217;he dedicat al m\u00f3n de l&#8217;ensenyament. Despr\u00e9s d\u2019una llarga lluita interna on van sorgir molts dubtes i resist\u00e8ncies, vaig prendre la decisi\u00f3 de fer honor a la promesa que em vaig fer quan vaig comen\u00e7ar a treballar com a docent: <\/span><i><span style=\"font-weight: 400;\">&#8220;El dia que deixis de sentir passi\u00f3 per aquesta feina, deixa-la&#8221;.<\/span><\/i><\/p>\n<p>&nbsp;<\/p>\n<p><span style=\"font-weight: 400;\">Aquesta amorosa acceptaci\u00f3 va generar en mi una sensaci\u00f3 d&#8217;alliberament i obertura al m\u00f3n, donant-me l&#8217;oportunitat de veure qu\u00e8 hi ha en ell per a mi, i per tant, qu\u00e8 puc jo oferir el m\u00f3n.<\/span><\/p>\n<p>&nbsp;<\/p>\n<p><span style=\"font-weight: 400;\">Porto amb mi grans experi\u00e8ncies i aprenentatges, sabent que els veritables mestres per a mi en aquella \u00e8poca van ser, sobretot, els meus alumnes. Davant d&#8217;aix\u00f2 nom\u00e9s puc dir, &#8220;Gr\u00e0cies!&#8221;<\/span>[\/vc_column_text][vc_empty_space height=&#8221;30px&#8221;][vc_column_text]<\/p>\n<h2>El punt d&#8217;inflexi\u00f3:<\/h2>\n<p>[\/vc_column_text][vc_empty_space height=&#8221;30px&#8221;][vc_column_text el_class=&#8221;justificar&#8221;]<span style=\"font-weight: 400;\">Aquest canvi t\u00e9 el seu origen a mitjans de l&#8217;any 2015, quan poso punt i final a una relaci\u00f3 de parella, gr\u00e0cies a la qual vaig poder descobrir moltes de les llums i ombres que habiten en mi. Avui proclamo la meva infinita gratitud a aquest proc\u00e9s que la vida va voler que experiment\u00e9s i a l&#8217;home que va encarnar el mirall en el qual em vaig poder veure.<\/span><\/p>\n<p>&nbsp;<\/p>\n<p><span style=\"font-weight: 400;\">Aquest final va fer que les meves estructures comencessin a trontollar i tot all\u00f2 que fins aleshores havia tingut tant de sentit a la meva vida, va comen\u00e7ar a deixar de tenir-lo. Aix\u00ed va ser com amb 37 anys vaig iniciar un cam\u00ed d\u2019autoindagaci\u00f3, d&#8217;evoluci\u00f3 conscient, de retrobar-me, en definitiva, de metamorfosi.<\/span><\/p>\n<p>&nbsp;<\/p>\n<p><span style=\"font-weight: 400;\">Durant tot aquest cam\u00ed he tingut el plaer de con\u00e8ixer i trobar-me amb bell\u00edssimes persones que han aportat molt\u00edssim valor a la meva vida, i han estat de gran ajuda en la meva evoluci\u00f3.<\/span><\/p>\n<p>&nbsp;<\/p>\n<p>Sento que ara em toca a mi poder estendre la m\u00e0 a qui la vulgui agafar![\/vc_column_text][\/qode_elements_holder_item][\/qode_elements_holder][\/vc_column][vc_column offset=&#8221;vc_col-md-6&#8243;][vc_empty_space height=&#8221;20px&#8221;][vc_single_image image=&#8221;506&#8243; img_size=&#8221;full&#8221; alignment=&#8221;center&#8221; qode_css_animation=&#8221;element_from_right&#8221;][vc_empty_space height=&#8221;0px&#8221;][\/vc_column][\/vc_row][vc_row css_animation=&#8221;&#8221; row_type=&#8221;row&#8221; use_row_as_full_screen_section=&#8221;no&#8221; type=&#8221;grid&#8221; angled_section=&#8221;no&#8221; text_align=&#8221;left&#8221; background_image_as_pattern=&#8221;without_pattern&#8221; padding_top=&#8221;15&#8243; padding_bottom=&#8221;80&#8243; z_index=&#8221;&#8221;][vc_column][vc_column_text]<\/p>\n<h2>Fent el pas:<\/h2>\n<p>[\/vc_column_text][vc_empty_space height=&#8221;30px&#8221;][vc_column_text el_class=&#8221;justificar&#8221;]<span style=\"font-weight: 400;\">Entre totes les preses de consci\u00e8ncia que vaig poder fer, una d&#8217;elles, la que en part d\u00f3na pas a aquest projecte, va ser adonar-me que sempre he tingut una facilitat natural per gestionar els espais f\u00edsics. L&#8217;ordre conscient, la classificaci\u00f3 i organitzaci\u00f3 funcional, la distribuci\u00f3 &#8230; han format part de mi, de forma natural i innata.<\/span><\/p>\n<p>&nbsp;<\/p>\n<p><span style=\"font-weight: 400;\">Quan es va creuar en el meu cam\u00ed el <\/span><b><i>Feng Shui<\/i><\/b><span style=\"font-weight: 400;\">, a trav\u00e9s d&#8217;un petit article, vaig sentir dins meu una sensaci\u00f3 de certesa absoluta. Vaig aprofundir i em vaig formar en aquesta bella filosofia, integrant la import\u00e0ncia de com l&#8217;entorn en el qu\u00e8 vivim i treballem influeix en el nostre benestar.<\/span><\/p>\n<p>&nbsp;<\/p>\n<p><span style=\"font-weight: 400;\">Aplicar-lo a la meva llar va ser la primera confirmaci\u00f3 que havia trobat aquest tresor que la vida tenia per a mi, i que a m\u00e9s tenia l&#8217;oportunitat de compartir-lo amb el m\u00f3n.<\/span><\/p>\n<p>&nbsp;<\/p>\n<p><span style=\"font-weight: 400;\">M\u00e9s tard, varen apar\u00e8ixer a la meva vida els <\/span><b><i>Olis Essencials<\/i><\/b><span style=\"font-weight: 400;\">, els quals varen provocar en mi revolucionaris canvis. Aix\u00ed que, veient els beneficis que havien portat a la meva persona i a la meva llar, no vaig poder fer res m\u00e9s que afegir els olis essencials als meus projectes de Feng Shui.<\/span><\/p>\n<p>&nbsp;<\/p>\n<p><span style=\"font-weight: 400;\">I es que estic, absolutament conven\u00e7uda que, equilibrar les energies de la teva llar gr\u00e0cies als coneixements que ens aporta el Feng Shui, i introduir la m\u00e0gia dels olis essencials, en les seves diferents aplicacions, no et deixar\u00e0 indiferent. Al contrari, en el moment que comencis a veure els resultats a la teva vida, et sentir\u00e0s immensament agra\u00eft\/da per haver pres la valenta decisi\u00f3 d\u2019estimar-te i donar-te el millor.<\/span><\/p>\n<p>&nbsp;<\/p>\n<p><span style=\"font-weight: 400;\">Aix\u00ed doncs, he decidit aportar el meu granet de sorra, creant espais harmonitzats i aromatitzats, on les persones visquem millorant les nostres situacions personals i professionals.<\/span><\/p>\n<p>&nbsp;<\/p>\n<p><span style=\"font-weight: 400;\">M&#8217;emociona poder veure i formar part de la transformaci\u00f3 que es d\u00f3na en la vida de les persones que decideixen ser valentes i apostar per tenir la vida que es mereixen. Agraeixo, amb la seva pr\u00f2pia experi\u00e8ncia, el que aporten a la meva.<\/span><\/p>\n<p>&nbsp;<\/p>\n<p><span style=\"font-weight: 400;\">I t\u00fa, t&#8217;apuntes a millorar el teu pas per la vida?<\/span>[\/vc_column_text][\/vc_column][\/vc_row][vc_row css_animation=&#8221;&#8221; row_type=&#8221;row&#8221; use_row_as_full_screen_section=&#8221;no&#8221; type=&#8221;grid&#8221; angled_section=&#8221;no&#8221; text_align=&#8221;center&#8221; background_image_as_pattern=&#8221;without_pattern&#8221; padding_top=&#8221;90&#8243; padding_bottom=&#8221;90&#8243; css=&#8221;.vc_custom_1588945894175{background-color: #f4f4f4 !important;}&#8221; z_index=&#8221;&#8221;][vc_column][vc_row_inner row_type=&#8221;row&#8221; type=&#8221;full_width&#8221; text_align=&#8221;center&#8221; css_animation=&#8221;&#8221;][vc_column_inner width=&#8221;1\/6&#8243;][\/vc_column_inner][vc_column_inner el_class=&#8221;centrar-bto&#8221; width=&#8221;2\/3&#8243;][vc_single_image image=&#8221;791&#8243; img_size=&#8221;large&#8221; alignment=&#8221;center&#8221; qode_css_animation=&#8221;&#8221;][vc_empty_space height=&#8221;35px&#8221;][vc_column_text]<\/p>\n<p style=\"text-align: center;\">Els mestres taoistes ens parlen de les tres sorts:<\/p>\n<p>&nbsp;<\/p>\n<p style=\"text-align: center;\">Gr\u00e0cies al Feng Shui i als seus coneixements, et puc ajudar a harmonitzar la teva llar, el teu lloc de treball, el teu entorn f\u00edsic &#8230;, \u00e9s dir, incidir pel que fa a la <strong>Sort de la Terra<\/strong>.<\/p>\n<p>&nbsp;<\/p>\n<p style=\"text-align: center;\">Estic conven\u00e7uda que, com \u00e9sser comprom\u00e8s amb tu que ets, tamb\u00e9 desitges posar ordre en els altres aspectes de la teva vida. Els teus dons, car\u00e0cter, manera de ser, patrons familiars &#8230; relacionats amb la <strong>Sort del Cel<\/strong>; i els teus pensaments, emocions, decisions, actes &#8230; relacionats amb la <strong>Sort de l&#8217;Home<\/strong>.<\/p>\n<p>&nbsp;<\/p>\n<p style=\"text-align: center;\">Per treballar amb aquestes dues sorts, \u00e9s un plaer per a mi recomanar-te a <em>&#8220;T\u00fa eres el cambio&#8221;<\/em>, on, de m\u00e0 de <strong>Gemma Anfrons<\/strong>, transitar\u00e0s el cam\u00ed de la transformaci\u00f3 i el creixement personal.<\/p>\n<p>[\/vc_column_text][vc_empty_space]<a  itemprop=\"url\" href=\"http:\/\/tuereselcambio.es\/ca\/\" target=\"_blank\"  class=\"qbutton  medium center default bto-tu-eres-el-cambio qode-type1-gradient-left-to-right\" style=\"\">VISITAR LA WEB<i class=\"qode_icon_font_awesome fa fa-angle-right qode_button_icon_element\"><\/i><\/a>[vc_empty_space][\/vc_column_inner][vc_column_inner width=&#8221;1\/6&#8243;][\/vc_column_inner][\/vc_row_inner][\/vc_column][\/vc_row][vc_row css_animation=&#8221;&#8221; row_type=&#8221;row&#8221; use_row_as_full_screen_section=&#8221;no&#8221; type=&#8221;grid&#8221; angled_section=&#8221;no&#8221; text_align=&#8221;center&#8221; background_image_as_pattern=&#8221;without_pattern&#8221; css=&#8221;.vc_custom_1587235304012{background-color: #6f7271 !important;}&#8221; z_index=&#8221;&#8221;][vc_column][vc_row_inner row_type=&#8221;row&#8221; type=&#8221;grid&#8221; text_align=&#8221;left&#8221; css_animation=&#8221;&#8221; padding_top=&#8221;40&#8243; padding_bottom=&#8221;40&#8243;][vc_column_inner width=&#8221;5\/6&#8243;][vc_column_text el_class=&#8221;text-blanc&#8221;]<\/p>\n<h2 style=\"text-align: left;\">Necessites m\u00e9s informaci\u00f3?<\/h2>\n<p>[\/vc_column_text][vc_separator type=&#8221;transparent&#8221; up=&#8221;10&#8243;][vc_column_text el_class=&#8221;text-blanc&#8221;]Si necessites m\u00e9s informaci\u00f3, no dubtis a posar-te en contacte amb mi, i aclarir\u00e9 tots els teus dubtes.[\/vc_column_text][\/vc_column_inner][vc_column_inner width=&#8221;1\/6&#8243;][vc_separator type=&#8221;transparent&#8221; up=&#8221;20&#8243;]<a  itemprop=\"url\" href=\"\/ca\/contacte\" target=\"_self\"  class=\"qbutton  default\" style=\"\">Contacta amb mi<i class=\"qode_icon_font_awesome fa fa-angle-right qode_button_icon_element\"><\/i><\/a>[\/vc_column_inner][\/vc_row_inner][\/vc_column][\/vc_row]<\/p>\n<\/div>","protected":false},"excerpt":{"rendered":"<p>[vc_row css_animation=&#8221;&#8221; row_type=&#8221;row&#8221; use_row_as_full_screen_section=&#8221;no&#8221; type=&#8221;grid&#8221; angled_section=&#8221;no&#8221; text_align=&#8221;left&#8221; background_image_as_pattern=&#8221;without_pattern&#8221; anchor=&#8221;about-us&#8221; padding_top=&#8221;80&#8243; z_index=&#8221;&#8221; css=&#8221;.vc_custom_1587147598523{padding-top: 85px !important;padding-bottom: 50px !important;}&#8221;][vc_column offset=&#8221;vc_col-md-6&#8243;][qode_elements_holder number_of_columns=&#8221;one_column&#8221;][qode_elements_holder_item advanced_animations=&#8221;no&#8221; item_padding=&#8221;30px 10% 0px 0px&#8221; item_padding_768_1024=&#8221;0px&#8221; item_padding_600_768=&#8221;0px&#8221; item_padding_480_600=&#8221;0px&#8221; item_padding_480=&#8221;0px&#8221;][vc_column_text] La meva hist\u00f2ria [\/vc_column_text][vc_empty_space height=&#8221;30px&#8221;][vc_column_text el_class=&#8221;justificar&#8221;]El meu nom \u00e9s Sarah, i voldria compartir amb t\u00fa el cam\u00ed que&#8230;<\/p>\n","protected":false},"author":1,"featured_media":0,"parent":0,"menu_order":0,"comment_status":"closed","ping_status":"closed","template":"full_width.php","meta":{"footnotes":""},"class_list":["post-619","page","type-page","status-publish","hentry"],"yoast_head":"<!-- This site is optimized with the Yoast SEO plugin v27.6 - https:\/\/yoast.com\/product\/yoast-seo-wordpress\/ -->\n<title>La meva hist\u00f2ria - Armonizarte con Feng Shui, by Sarah Balat<\/title>\n<meta name=\"robots\" content=\"index, follow, max-snippet:-1, max-image-preview:large, max-video-preview:-1\" \/>\n<link rel=\"canonical\" href=\"https:\/\/www.armonizarteconfengshui.com\/ca\/la-meva-historia\/\" \/>\n<meta property=\"og:locale\" content=\"ca_ES\" \/>\n<meta property=\"og:type\" content=\"article\" \/>\n<meta property=\"og:title\" content=\"La meva hist\u00f2ria - Armonizarte con Feng Shui, by Sarah Balat\" \/>\n<meta property=\"og:description\" content=\"[vc_row css_animation=&#8221;&#8221; row_type=&#8221;row&#8221; use_row_as_full_screen_section=&#8221;no&#8221; type=&#8221;grid&#8221; angled_section=&#8221;no&#8221; text_align=&#8221;left&#8221; background_image_as_pattern=&#8221;without_pattern&#8221; anchor=&#8221;about-us&#8221; padding_top=&#8221;80&#8243; z_index=&#8221;&#8221; css=&#8221;.vc_custom_1587147598523{padding-top: 85px !important;padding-bottom: 50px !important;}&#8221;][vc_column offset=&#8221;vc_col-md-6&#8243;][qode_elements_holder number_of_columns=&#8221;one_column&#8221;][qode_elements_holder_item advanced_animations=&#8221;no&#8221; item_padding=&#8221;30px 10% 0px 0px&#8221; item_padding_768_1024=&#8221;0px&#8221; item_padding_600_768=&#8221;0px&#8221; item_padding_480_600=&#8221;0px&#8221; item_padding_480=&#8221;0px&#8221;][vc_column_text] La meva hist\u00f2ria [\/vc_column_text][vc_empty_space height=&#8221;30px&#8221;][vc_column_text el_class=&#8221;justificar&#8221;]El meu nom \u00e9s Sarah, i voldria compartir amb t\u00fa el cam\u00ed que...\" \/>\n<meta property=\"og:url\" content=\"https:\/\/www.armonizarteconfengshui.com\/ca\/la-meva-historia\/\" \/>\n<meta property=\"og:site_name\" content=\"Armonizarte con Feng Shui, by Sarah Balat\" \/>\n<meta property=\"article:publisher\" content=\"https:\/\/www.facebook.com\/armonizarteconfengshui\/\" \/>\n<meta property=\"article:modified_time\" content=\"2021-05-03T11:25:25+00:00\" \/>\n<meta name=\"twitter:card\" content=\"summary_large_image\" \/>\n<meta name=\"twitter:label1\" content=\"Temps estimat de lectura\" \/>\n\t<meta name=\"twitter:data1\" content=\"5 minuts\" \/>\n<script type=\"application\/ld+json\" class=\"yoast-schema-graph\">{\"@context\":\"https:\\\/\\\/schema.org\",\"@graph\":[{\"@type\":\"WebPage\",\"@id\":\"https:\\\/\\\/www.armonizarteconfengshui.com\\\/ca\\\/la-meva-historia\\\/\",\"url\":\"https:\\\/\\\/www.armonizarteconfengshui.com\\\/ca\\\/la-meva-historia\\\/\",\"name\":\"La meva hist\u00f2ria - Armonizarte con Feng Shui, by Sarah Balat\",\"isPartOf\":{\"@id\":\"https:\\\/\\\/www.armonizarteconfengshui.com\\\/ca\\\/#website\"},\"datePublished\":\"2020-04-13T15:49:01+00:00\",\"dateModified\":\"2021-05-03T11:25:25+00:00\",\"breadcrumb\":{\"@id\":\"https:\\\/\\\/www.armonizarteconfengshui.com\\\/ca\\\/la-meva-historia\\\/#breadcrumb\"},\"inLanguage\":\"ca\",\"potentialAction\":[{\"@type\":\"ReadAction\",\"target\":[\"https:\\\/\\\/www.armonizarteconfengshui.com\\\/ca\\\/la-meva-historia\\\/\"]}]},{\"@type\":\"BreadcrumbList\",\"@id\":\"https:\\\/\\\/www.armonizarteconfengshui.com\\\/ca\\\/la-meva-historia\\\/#breadcrumb\",\"itemListElement\":[{\"@type\":\"ListItem\",\"position\":1,\"name\":\"Portada\",\"item\":\"https:\\\/\\\/www.armonizarteconfengshui.com\\\/ca\\\/\"},{\"@type\":\"ListItem\",\"position\":2,\"name\":\"La meva hist\u00f2ria\"}]},{\"@type\":\"WebSite\",\"@id\":\"https:\\\/\\\/www.armonizarteconfengshui.com\\\/ca\\\/#website\",\"url\":\"https:\\\/\\\/www.armonizarteconfengshui.com\\\/ca\\\/\",\"name\":\"Armonizarte con Feng Shui, by Sarah Balat\",\"description\":\"Armoniza tu vida, armonizando tu espacio\",\"potentialAction\":[{\"@type\":\"SearchAction\",\"target\":{\"@type\":\"EntryPoint\",\"urlTemplate\":\"https:\\\/\\\/www.armonizarteconfengshui.com\\\/ca\\\/?s={search_term_string}\"},\"query-input\":{\"@type\":\"PropertyValueSpecification\",\"valueRequired\":true,\"valueName\":\"search_term_string\"}}],\"inLanguage\":\"ca\"}]}<\/script>\n<!-- \/ Yoast SEO plugin. -->","yoast_head_json":{"title":"La meva hist\u00f2ria - Armonizarte con Feng Shui, by Sarah Balat","robots":{"index":"index","follow":"follow","max-snippet":"max-snippet:-1","max-image-preview":"max-image-preview:large","max-video-preview":"max-video-preview:-1"},"canonical":"https:\/\/www.armonizarteconfengshui.com\/ca\/la-meva-historia\/","og_locale":"ca_ES","og_type":"article","og_title":"La meva hist\u00f2ria - Armonizarte con Feng Shui, by Sarah Balat","og_description":"[vc_row css_animation=&#8221;&#8221; row_type=&#8221;row&#8221; use_row_as_full_screen_section=&#8221;no&#8221; type=&#8221;grid&#8221; angled_section=&#8221;no&#8221; text_align=&#8221;left&#8221; background_image_as_pattern=&#8221;without_pattern&#8221; anchor=&#8221;about-us&#8221; padding_top=&#8221;80&#8243; z_index=&#8221;&#8221; css=&#8221;.vc_custom_1587147598523{padding-top: 85px !important;padding-bottom: 50px !important;}&#8221;][vc_column offset=&#8221;vc_col-md-6&#8243;][qode_elements_holder number_of_columns=&#8221;one_column&#8221;][qode_elements_holder_item advanced_animations=&#8221;no&#8221; item_padding=&#8221;30px 10% 0px 0px&#8221; item_padding_768_1024=&#8221;0px&#8221; item_padding_600_768=&#8221;0px&#8221; item_padding_480_600=&#8221;0px&#8221; item_padding_480=&#8221;0px&#8221;][vc_column_text] La meva hist\u00f2ria [\/vc_column_text][vc_empty_space height=&#8221;30px&#8221;][vc_column_text el_class=&#8221;justificar&#8221;]El meu nom \u00e9s Sarah, i voldria compartir amb t\u00fa el cam\u00ed que...","og_url":"https:\/\/www.armonizarteconfengshui.com\/ca\/la-meva-historia\/","og_site_name":"Armonizarte con Feng Shui, by Sarah Balat","article_publisher":"https:\/\/www.facebook.com\/armonizarteconfengshui\/","article_modified_time":"2021-05-03T11:25:25+00:00","twitter_card":"summary_large_image","twitter_misc":{"Temps estimat de lectura":"5 minuts"},"schema":{"@context":"https:\/\/schema.org","@graph":[{"@type":"WebPage","@id":"https:\/\/www.armonizarteconfengshui.com\/ca\/la-meva-historia\/","url":"https:\/\/www.armonizarteconfengshui.com\/ca\/la-meva-historia\/","name":"La meva hist\u00f2ria - Armonizarte con Feng Shui, by Sarah Balat","isPartOf":{"@id":"https:\/\/www.armonizarteconfengshui.com\/ca\/#website"},"datePublished":"2020-04-13T15:49:01+00:00","dateModified":"2021-05-03T11:25:25+00:00","breadcrumb":{"@id":"https:\/\/www.armonizarteconfengshui.com\/ca\/la-meva-historia\/#breadcrumb"},"inLanguage":"ca","potentialAction":[{"@type":"ReadAction","target":["https:\/\/www.armonizarteconfengshui.com\/ca\/la-meva-historia\/"]}]},{"@type":"BreadcrumbList","@id":"https:\/\/www.armonizarteconfengshui.com\/ca\/la-meva-historia\/#breadcrumb","itemListElement":[{"@type":"ListItem","position":1,"name":"Portada","item":"https:\/\/www.armonizarteconfengshui.com\/ca\/"},{"@type":"ListItem","position":2,"name":"La meva hist\u00f2ria"}]},{"@type":"WebSite","@id":"https:\/\/www.armonizarteconfengshui.com\/ca\/#website","url":"https:\/\/www.armonizarteconfengshui.com\/ca\/","name":"Armonizarte con Feng Shui, by Sarah Balat","description":"Armoniza tu vida, armonizando tu espacio","potentialAction":[{"@type":"SearchAction","target":{"@type":"EntryPoint","urlTemplate":"https:\/\/www.armonizarteconfengshui.com\/ca\/?s={search_term_string}"},"query-input":{"@type":"PropertyValueSpecification","valueRequired":true,"valueName":"search_term_string"}}],"inLanguage":"ca"}]}},"_links":{"self":[{"href":"https:\/\/www.armonizarteconfengshui.com\/ca\/wp-json\/wp\/v2\/pages\/619","targetHints":{"allow":["GET"]}}],"collection":[{"href":"https:\/\/www.armonizarteconfengshui.com\/ca\/wp-json\/wp\/v2\/pages"}],"about":[{"href":"https:\/\/www.armonizarteconfengshui.com\/ca\/wp-json\/wp\/v2\/types\/page"}],"author":[{"embeddable":true,"href":"https:\/\/www.armonizarteconfengshui.com\/ca\/wp-json\/wp\/v2\/users\/1"}],"replies":[{"embeddable":true,"href":"https:\/\/www.armonizarteconfengshui.com\/ca\/wp-json\/wp\/v2\/comments?post=619"}],"version-history":[{"count":14,"href":"https:\/\/www.armonizarteconfengshui.com\/ca\/wp-json\/wp\/v2\/pages\/619\/revisions"}],"predecessor-version":[{"id":1410,"href":"https:\/\/www.armonizarteconfengshui.com\/ca\/wp-json\/wp\/v2\/pages\/619\/revisions\/1410"}],"wp:attachment":[{"href":"https:\/\/www.armonizarteconfengshui.com\/ca\/wp-json\/wp\/v2\/media?parent=619"}],"curies":[{"name":"wp","href":"https:\/\/api.w.org\/{rel}","templated":true}]}}