{"id":641,"date":"2020-04-14T17:57:22","date_gmt":"2020-04-14T17:57:22","guid":{"rendered":"https:\/\/www.armonizarteconfengshui.com\/politica-de-cookies\/"},"modified":"2020-04-22T16:01:17","modified_gmt":"2020-04-22T16:01:17","slug":"politica-de-cookies","status":"publish","type":"page","link":"https:\/\/www.armonizarteconfengshui.com\/ca\/politica-de-cookies\/","title":{"rendered":"Pol\u00edtica de cookies"},"content":{"rendered":"<div class=\"wpb-content-wrapper\"><p>[vc_row css_animation=&#8221;&#8221; row_type=&#8221;row&#8221; use_row_as_full_screen_section=&#8221;no&#8221; type=&#8221;grid&#8221; angled_section=&#8221;no&#8221; text_align=&#8221;left&#8221; background_image_as_pattern=&#8221;without_pattern&#8221; padding_top=&#8221;80&#8243; padding_bottom=&#8221;80&#8243; z_index=&#8221;&#8221;][vc_column][vc_column_text]<\/p>\n<div class=\"gdl-page-content\">\n<h4><strong>\u00bfQu\u00e9 son las cookies?<\/strong><\/h4>\n<p>Una cookie es un fichero que se descarga en su ordenador al acceder a determinadas p\u00e1ginas web. Las cookies permiten a una p\u00e1gina web, entre otras cosas, almacenar y recuperar informaci\u00f3n sobre h\u00e1bitos de navegaci\u00f3n de un usuario o de su equipo y, dependiendo de la informaci\u00f3n que contengan y de la forma que utilice su equipo, pueden utilizarse para reconocer al usuario.<\/p>\n<p>&nbsp;<\/p>\n<h4><strong>\u00bfPara qu\u00e9 se utilizan las cookies y cu\u00e1les suelen ser sus finalidades?<\/strong><\/h4>\n<ul>\n<li>Cookies de an\u00e1lisis: son aquellas cookies que bien, tratadas por nosotros o por terceros, nos permiten cuantificar el n\u00famero de usuarios y as\u00ed realizar la medici\u00f3n y an\u00e1lisis estad\u00edstico de la utilizaci\u00f3n que hacen los usuarios del servicio. Para ello se analiza su navegaci\u00f3n en nuestra p\u00e1gina web con el fin de mejorar la experiencia del usuario.<\/li>\n<li>Cookies t\u00e9cnicas: Son aqu\u00e9llas que permiten al usuario la navegaci\u00f3n a trav\u00e9s de la p\u00e1gina web o aplicaci\u00f3n y la utilizaci\u00f3n de las diferentes opciones o servicios que en ella existen. Por ejemplo, controlar el tr\u00e1fico y la comunicaci\u00f3n de datos, identificar la sesi\u00f3n, acceder a las partes web de acceso restringido, recordar los elementos que integran un pedido, realizar la solicitud de inscripci\u00f3n o participaci\u00f3n en un evento, utilizar elementos de seguridad durante la navegaci\u00f3n y almacenar contenidos para la difusi\u00f3n de videos o sonido.<\/li>\n<\/ul>\n<p>&nbsp;<\/p>\n<ul>\n<li>Cookies sobre personalizaci\u00f3n: Son aqu\u00e9llas que permiten al usuario acceder al servicio con algunas caracter\u00edsticas de car\u00e1cter general predefinidas en su terminal o que el propio usuario defina. Por ejemplo, el idioma, el tipo de navegador a trav\u00e9s del cual accede al servicio, el dise\u00f1o de contenidos seleccionado, geolocalizaci\u00f3n del terminal y la configuraci\u00f3n regional desde donde se accede al servicio.<\/li>\n<\/ul>\n<p>&nbsp;<\/p>\n<ul>\n<li>Cookies sobre preferencias: Estas cookies permiten que nuestros sitios web recuerden informaci\u00f3n que cambia el aspecto o el comportamiento del sitio como, por ejemplo, tu idioma preferido o la regi\u00f3n en la que te encuentras. Por ejemplo, al recordar tu regi\u00f3n, un sitio web puede proporcionarte noticias sobre el tr\u00e1fico o boletines meteorol\u00f3gicos locales. Estas cookies tambi\u00e9n te permiten cambiar el tama\u00f1o del texto, la fuente y otras partes de las p\u00e1ginas web que puedes personalizar.<\/li>\n<\/ul>\n<p>&nbsp;<\/p>\n<ul>\n<li>Cookies publicitarias: Son aqu\u00e9llas que permiten la gesti\u00f3n eficaz de los espacios publicitarios que se han incluido en la p\u00e1gina web o aplicaci\u00f3n desde la que se presta el servicio. Permiten adecuar el contenido de la publicidad para que esta sea relevante para el usuario y para evitar mostrar anuncios que el usuario ya haya visto.<\/li>\n<\/ul>\n<p>&nbsp;<\/p>\n<h4><strong>El detalle de las cookies utilizadas, entre otras, en esta p\u00e1gina web es el siguiente:<\/strong><\/h4>\n<\/div>\n<p>&nbsp;<\/p>\n<p>&nbsp;<\/p>\n<table width=\"1088\">\n<tbody>\n<tr>\n<td width=\"85\"><strong>Cookies<\/strong><\/td>\n<td width=\"47\"><strong>Nombre<\/strong><\/td>\n<td width=\"31\"><strong>Tipo<\/strong><\/td>\n<td width=\"156\"><strong>Prop\u00f3sito<\/strong><\/td>\n<td width=\"133\"><strong>M\u00e1s informaci\u00f3n<\/strong><\/td>\n<\/tr>\n<tr>\n<td width=\"85\">_CONSENT _NID _1P_JAR _SID _SIDCC<\/td>\n<td width=\"47\">Google Analytics<\/td>\n<td width=\"31\">De terceros<\/td>\n<td width=\"156\">Recoger informaci\u00f3n sobre la navegaci\u00f3n de los usuarios por el sitio con el fin de conocer el origen de las visitas y otros datos similares a nivel estad\u00edstico. No obtiene datos de los nombres o apellidos de los usuarios ni de la direcci\u00f3n postal concreta desde donde se conectan.<\/td>\n<td width=\"133\">Google Analytics Centro de privacidad de Google:<a href=\"http:\/\/www.google.com\/intl\/es\/policies\/privacy\/\">http:\/\/www.google.com\/intl\/es\/policies\/privacy\/<\/a><\/p>\n<p>&nbsp;<\/td>\n<\/tr>\n<tr>\n<td width=\"85\">DV<\/td>\n<td width=\"47\">Google<\/td>\n<td width=\"31\">De terceros<\/td>\n<td width=\"156\">Es utilizada por Google para proveer servicios y extraer informaci\u00f3n an\u00f3nima sobre la navegaci\u00f3n.<\/td>\n<td width=\"133\">Pol\u00edtica de cookies:<a href=\"https:\/\/policies.google.com\/technologies\/types?hl=es\">https:\/\/policies.google.com\/technologies\/types?hl=es<\/a><\/td>\n<\/tr>\n<tr>\n<td width=\"85\">Cookie_notice_accepted<\/td>\n<td width=\"47\">Tuereselcambio<\/td>\n<td width=\"31\">Propias<\/td>\n<td width=\"156\">Gestionar la aceptaci\u00f3n de cookies del usuario y decidir si mostrar la barra de info. cookies o no.<\/td>\n<td width=\"133\"><\/td>\n<\/tr>\n<\/tbody>\n<\/table>\n<p>&nbsp;<\/p>\n<div class=\"gdl-page-content\">\n<p>Nota: Las cookies de tipo \u2018Propias\u2019 son utilizadas s\u00f3lo por el propietario de esta web y las cookies \u2018De terceros\u2019 son utilizadas, por el prestador del servicio que est\u00e1 detallado en el cuadro anterior.<\/p>\n<p>&nbsp;<\/p>\n<h4><strong>\u00bfC\u00f3mo puedo desactivar o eliminar estas cookies?<\/strong><\/h4>\n<p>Puede usted permitir, bloquear o eliminar las cookies instaladas en su equipo mediante la configuraci\u00f3n de las opciones del navegador instalado en su ordenador:<\/p>\n<p>&nbsp;<\/p>\n<p>Firefox:\u00a0<a href=\"http:\/\/support.mozilla.org\/es\/kb\/habilitar-y-deshabilitar-cookies-que-los-sitios-we\">http:\/\/support.mozilla.org\/es\/kb\/habilitar-y-deshabilitar-cookies-que-los-sitios-we<\/a><\/p>\n<p>&nbsp;<\/p>\n<p>Chrome:\u00a0<a href=\"http:\/\/support.google.com\/chrome\/bin\/answer.py?hl=es&amp;answer=95647\">http:\/\/support.google.com\/chrome\/bin\/answer.py?hl=es&amp;answer=95647<\/a><\/p>\n<p>&nbsp;<\/p>\n<ol>\n<li><strong>a) Para Android:\u00a0<\/strong><a href=\"https:\/\/support.google.com\/chrome\/answer\/2392971?hl=es\">https:\/\/support.google.com\/chrome\/answer\/2392971?hl=es<\/a><\/li>\n<\/ol>\n<p>&nbsp;<\/p>\n<p>Explorer:\u00a0<a href=\"http:\/\/windows.microsoft.com\/es-es\/windows7\/how-to-manage-cookies-in-internet-explorer-9\">http:\/\/windows.microsoft.com\/es-es\/windows7\/how-to-manage-cookies-in-internet-explorer-9<\/a><\/p>\n<p>&nbsp;<\/p>\n<p><strong>Safari:\u00a0<\/strong><a href=\"http:\/\/support.apple.com\/kb\/ph5042\">http:\/\/support.apple.com\/kb\/ph5042<\/a><\/p>\n<ol>\n<li><strong>a) Para iOS (iPhone y iPad)<\/strong><\/li>\n<\/ol>\n<p><a href=\"https:\/\/help.opera.com\/en\/latest\/security-and-privacy\/\">https:\/\/help.opera.com\/en\/latest\/security-and-privacy\/<\/a><\/p>\n<p><a href=\"https:\/\/support.google.com\/chrome\/answer\/95647?hl=es&amp;co=GENIE.Platform%3DiOS&amp;oco=1\">https:\/\/support.google.com\/chrome\/answer\/95647?hl=es&amp;co=GENIE.Platform%3DiOS&amp;oco=1<\/a><\/p>\n<p><strong>Opera:\u00a0<\/strong><a href=\"https:\/\/www.opera.com\/es\/terms\">https:\/\/www.opera.com\/es\/terms<\/a><\/p>\n<p><a href=\"https:\/\/support.norton.com\/sp\/es\/es\/home\/current\/solutions\/v57840314_NortonM_Retail_1_es_mx\">https:\/\/support.norton.com\/sp\/es\/es\/home\/current\/solutions\/v57840314_NortonM_Retail_1_es_mx<\/a><\/p>\n<p><a href=\"http:\/\/www.allaboutcookies.org\/es\/administrar-las-cookies\/opera.html\">http:\/\/www.allaboutcookies.org\/es\/administrar-las-cookies\/opera.html<\/a><\/p>\n<p>&nbsp;<\/p>\n<h4><strong>Otros navegadores<\/strong><\/h4>\n<p>Consulte la documentaci\u00f3n del navegador que tenga instalado.<\/p>\n<p>&nbsp;<\/p>\n<h4><strong>Complemento de inhabilitaci\u00f3n para navegadores de Google Analytics<\/strong><\/h4>\n<p>Si desea rechazar las cookies anal\u00edticas de Google Analytics en todos los navegadores, de forma que no se env\u00ede informaci\u00f3n suya a Google Analytics, puede descargar un complemento que realiza esta funci\u00f3n desde este enlace:\u00a0<a href=\"https:\/\/tools.google.com\/dlpage\/gaoptout\">https:\/\/tools.google.com\/dlpage\/gaoptout<\/a><\/p>\n<p>&nbsp;<\/p>\n<h4><strong>Actualizaciones de la pol\u00edtica de cookies<\/strong><\/h4>\n<p>Esta p\u00e1gina web puede modificar esta Pol\u00edtica de Cookies, con el fin de estar adecuadamente informado sobre el uso que hacemos de las cookies, le recomendamos revisar esta cada vez que acceda a nuestra p\u00e1gina web.<\/p>\n<\/div>\n<p>[\/vc_column_text][\/vc_column][\/vc_row][vc_row css_animation=&#8221;&#8221; row_type=&#8221;row&#8221; use_row_as_full_screen_section=&#8221;no&#8221; type=&#8221;grid&#8221; angled_section=&#8221;no&#8221; text_align=&#8221;center&#8221; background_image_as_pattern=&#8221;without_pattern&#8221; css=&#8221;.vc_custom_1587235378298{background-color: #6f7271 !important;}&#8221; z_index=&#8221;&#8221;][vc_column][vc_row_inner row_type=&#8221;row&#8221; type=&#8221;grid&#8221; text_align=&#8221;left&#8221; padding_top=&#8221;40&#8243; padding_bottom=&#8221;40&#8243; css_animation=&#8221;&#8221;][vc_column_inner width=&#8221;5\/6&#8243;][vc_column_text el_class=&#8221;text-blanc&#8221;]<\/p>\n<h2 style=\"text-align: left;\">Necessites m\u00e9s informaci\u00f3?<\/h2>\n<p>[\/vc_column_text][vc_separator type=&#8221;transparent&#8221; up=&#8221;10&#8243;][vc_column_text el_class=&#8221;text-blanc&#8221;]Si necessites m\u00e9s informaci\u00f3, no dubtis a posar-te en contacte amb mi, i aclarir\u00e9 tots els teus dubtes.[\/vc_column_text][\/vc_column_inner][vc_column_inner width=&#8221;1\/6&#8243;][vc_separator type=&#8221;transparent&#8221; up=&#8221;20&#8243;]<a  itemprop=\"url\" href=\"\/ca\/contacte\" target=\"_self\"  class=\"qbutton  default\" style=\"\">Contacta amb mi<i class=\"qode_icon_font_awesome fa fa-angle-right qode_button_icon_element\"><\/i><\/a>[\/vc_column_inner][\/vc_row_inner][\/vc_column][\/vc_row]<\/p>\n<\/div>","protected":false},"excerpt":{"rendered":"<p>[vc_row css_animation=&#8221;&#8221; row_type=&#8221;row&#8221; use_row_as_full_screen_section=&#8221;no&#8221; type=&#8221;grid&#8221; angled_section=&#8221;no&#8221; text_align=&#8221;left&#8221; background_image_as_pattern=&#8221;without_pattern&#8221; padding_top=&#8221;80&#8243; padding_bottom=&#8221;80&#8243; z_index=&#8221;&#8221;][vc_column][vc_column_text] \u00bfQu\u00e9 son las cookies? Una cookie es un fichero que se descarga en su ordenador al acceder a determinadas p\u00e1ginas web. Las cookies permiten a una p\u00e1gina web, entre otras cosas, almacenar y recuperar&#8230;<\/p>\n","protected":false},"author":1,"featured_media":0,"parent":0,"menu_order":0,"comment_status":"closed","ping_status":"closed","template":"full_width.php","meta":{"footnotes":""},"class_list":["post-641","page","type-page","status-publish","hentry"],"yoast_head":"<!-- This site is optimized with the Yoast SEO plugin v27.6 - https:\/\/yoast.com\/product\/yoast-seo-wordpress\/ -->\n<title>Pol\u00edtica de cookies - Armonizarte con Feng Shui, by Sarah Balat<\/title>\n<meta name=\"robots\" content=\"index, follow, max-snippet:-1, max-image-preview:large, max-video-preview:-1\" \/>\n<link rel=\"canonical\" href=\"https:\/\/www.armonizarteconfengshui.com\/ca\/politica-de-cookies\/\" \/>\n<meta property=\"og:locale\" content=\"ca_ES\" \/>\n<meta property=\"og:type\" content=\"article\" \/>\n<meta property=\"og:title\" content=\"Pol\u00edtica de cookies - Armonizarte con Feng Shui, by Sarah Balat\" \/>\n<meta property=\"og:description\" content=\"[vc_row css_animation=&#8221;&#8221; row_type=&#8221;row&#8221; use_row_as_full_screen_section=&#8221;no&#8221; type=&#8221;grid&#8221; angled_section=&#8221;no&#8221; text_align=&#8221;left&#8221; background_image_as_pattern=&#8221;without_pattern&#8221; padding_top=&#8221;80&#8243; padding_bottom=&#8221;80&#8243; z_index=&#8221;&#8221;][vc_column][vc_column_text] \u00bfQu\u00e9 son las cookies? Una cookie es un fichero que se descarga en su ordenador al acceder a determinadas p\u00e1ginas web. Las cookies permiten a una p\u00e1gina web, entre otras cosas, almacenar y recuperar...\" \/>\n<meta property=\"og:url\" content=\"https:\/\/www.armonizarteconfengshui.com\/ca\/politica-de-cookies\/\" \/>\n<meta property=\"og:site_name\" content=\"Armonizarte con Feng Shui, by Sarah Balat\" \/>\n<meta property=\"article:publisher\" content=\"https:\/\/www.facebook.com\/armonizarteconfengshui\/\" \/>\n<meta property=\"article:modified_time\" content=\"2020-04-22T16:01:17+00:00\" \/>\n<meta name=\"twitter:card\" content=\"summary_large_image\" \/>\n<meta name=\"twitter:label1\" content=\"Temps estimat de lectura\" \/>\n\t<meta name=\"twitter:data1\" content=\"6 minuts\" \/>\n<script type=\"application\/ld+json\" class=\"yoast-schema-graph\">{\"@context\":\"https:\\\/\\\/schema.org\",\"@graph\":[{\"@type\":\"WebPage\",\"@id\":\"https:\\\/\\\/www.armonizarteconfengshui.com\\\/ca\\\/politica-de-cookies\\\/\",\"url\":\"https:\\\/\\\/www.armonizarteconfengshui.com\\\/ca\\\/politica-de-cookies\\\/\",\"name\":\"Pol\u00edtica de cookies - Armonizarte con Feng Shui, by Sarah Balat\",\"isPartOf\":{\"@id\":\"https:\\\/\\\/www.armonizarteconfengshui.com\\\/ca\\\/#website\"},\"datePublished\":\"2020-04-14T17:57:22+00:00\",\"dateModified\":\"2020-04-22T16:01:17+00:00\",\"breadcrumb\":{\"@id\":\"https:\\\/\\\/www.armonizarteconfengshui.com\\\/ca\\\/politica-de-cookies\\\/#breadcrumb\"},\"inLanguage\":\"ca\",\"potentialAction\":[{\"@type\":\"ReadAction\",\"target\":[\"https:\\\/\\\/www.armonizarteconfengshui.com\\\/ca\\\/politica-de-cookies\\\/\"]}]},{\"@type\":\"BreadcrumbList\",\"@id\":\"https:\\\/\\\/www.armonizarteconfengshui.com\\\/ca\\\/politica-de-cookies\\\/#breadcrumb\",\"itemListElement\":[{\"@type\":\"ListItem\",\"position\":1,\"name\":\"Portada\",\"item\":\"https:\\\/\\\/www.armonizarteconfengshui.com\\\/ca\\\/\"},{\"@type\":\"ListItem\",\"position\":2,\"name\":\"Pol\u00edtica de cookies\"}]},{\"@type\":\"WebSite\",\"@id\":\"https:\\\/\\\/www.armonizarteconfengshui.com\\\/ca\\\/#website\",\"url\":\"https:\\\/\\\/www.armonizarteconfengshui.com\\\/ca\\\/\",\"name\":\"Armonizarte con Feng Shui, by Sarah Balat\",\"description\":\"Armoniza tu vida, armonizando tu espacio\",\"potentialAction\":[{\"@type\":\"SearchAction\",\"target\":{\"@type\":\"EntryPoint\",\"urlTemplate\":\"https:\\\/\\\/www.armonizarteconfengshui.com\\\/ca\\\/?s={search_term_string}\"},\"query-input\":{\"@type\":\"PropertyValueSpecification\",\"valueRequired\":true,\"valueName\":\"search_term_string\"}}],\"inLanguage\":\"ca\"}]}<\/script>\n<!-- \/ Yoast SEO plugin. -->","yoast_head_json":{"title":"Pol\u00edtica de cookies - Armonizarte con Feng Shui, by Sarah Balat","robots":{"index":"index","follow":"follow","max-snippet":"max-snippet:-1","max-image-preview":"max-image-preview:large","max-video-preview":"max-video-preview:-1"},"canonical":"https:\/\/www.armonizarteconfengshui.com\/ca\/politica-de-cookies\/","og_locale":"ca_ES","og_type":"article","og_title":"Pol\u00edtica de cookies - Armonizarte con Feng Shui, by Sarah Balat","og_description":"[vc_row css_animation=&#8221;&#8221; row_type=&#8221;row&#8221; use_row_as_full_screen_section=&#8221;no&#8221; type=&#8221;grid&#8221; angled_section=&#8221;no&#8221; text_align=&#8221;left&#8221; background_image_as_pattern=&#8221;without_pattern&#8221; padding_top=&#8221;80&#8243; padding_bottom=&#8221;80&#8243; z_index=&#8221;&#8221;][vc_column][vc_column_text] \u00bfQu\u00e9 son las cookies? Una cookie es un fichero que se descarga en su ordenador al acceder a determinadas p\u00e1ginas web. Las cookies permiten a una p\u00e1gina web, entre otras cosas, almacenar y recuperar...","og_url":"https:\/\/www.armonizarteconfengshui.com\/ca\/politica-de-cookies\/","og_site_name":"Armonizarte con Feng Shui, by Sarah Balat","article_publisher":"https:\/\/www.facebook.com\/armonizarteconfengshui\/","article_modified_time":"2020-04-22T16:01:17+00:00","twitter_card":"summary_large_image","twitter_misc":{"Temps estimat de lectura":"6 minuts"},"schema":{"@context":"https:\/\/schema.org","@graph":[{"@type":"WebPage","@id":"https:\/\/www.armonizarteconfengshui.com\/ca\/politica-de-cookies\/","url":"https:\/\/www.armonizarteconfengshui.com\/ca\/politica-de-cookies\/","name":"Pol\u00edtica de cookies - Armonizarte con Feng Shui, by Sarah Balat","isPartOf":{"@id":"https:\/\/www.armonizarteconfengshui.com\/ca\/#website"},"datePublished":"2020-04-14T17:57:22+00:00","dateModified":"2020-04-22T16:01:17+00:00","breadcrumb":{"@id":"https:\/\/www.armonizarteconfengshui.com\/ca\/politica-de-cookies\/#breadcrumb"},"inLanguage":"ca","potentialAction":[{"@type":"ReadAction","target":["https:\/\/www.armonizarteconfengshui.com\/ca\/politica-de-cookies\/"]}]},{"@type":"BreadcrumbList","@id":"https:\/\/www.armonizarteconfengshui.com\/ca\/politica-de-cookies\/#breadcrumb","itemListElement":[{"@type":"ListItem","position":1,"name":"Portada","item":"https:\/\/www.armonizarteconfengshui.com\/ca\/"},{"@type":"ListItem","position":2,"name":"Pol\u00edtica de cookies"}]},{"@type":"WebSite","@id":"https:\/\/www.armonizarteconfengshui.com\/ca\/#website","url":"https:\/\/www.armonizarteconfengshui.com\/ca\/","name":"Armonizarte con Feng Shui, by Sarah Balat","description":"Armoniza tu vida, armonizando tu espacio","potentialAction":[{"@type":"SearchAction","target":{"@type":"EntryPoint","urlTemplate":"https:\/\/www.armonizarteconfengshui.com\/ca\/?s={search_term_string}"},"query-input":{"@type":"PropertyValueSpecification","valueRequired":true,"valueName":"search_term_string"}}],"inLanguage":"ca"}]}},"_links":{"self":[{"href":"https:\/\/www.armonizarteconfengshui.com\/ca\/wp-json\/wp\/v2\/pages\/641","targetHints":{"allow":["GET"]}}],"collection":[{"href":"https:\/\/www.armonizarteconfengshui.com\/ca\/wp-json\/wp\/v2\/pages"}],"about":[{"href":"https:\/\/www.armonizarteconfengshui.com\/ca\/wp-json\/wp\/v2\/types\/page"}],"author":[{"embeddable":true,"href":"https:\/\/www.armonizarteconfengshui.com\/ca\/wp-json\/wp\/v2\/users\/1"}],"replies":[{"embeddable":true,"href":"https:\/\/www.armonizarteconfengshui.com\/ca\/wp-json\/wp\/v2\/comments?post=641"}],"version-history":[{"count":2,"href":"https:\/\/www.armonizarteconfengshui.com\/ca\/wp-json\/wp\/v2\/pages\/641\/revisions"}],"predecessor-version":[{"id":643,"href":"https:\/\/www.armonizarteconfengshui.com\/ca\/wp-json\/wp\/v2\/pages\/641\/revisions\/643"}],"wp:attachment":[{"href":"https:\/\/www.armonizarteconfengshui.com\/ca\/wp-json\/wp\/v2\/media?parent=641"}],"curies":[{"name":"wp","href":"https:\/\/api.w.org\/{rel}","templated":true}]}}